{"id":115,"date":"2025-04-26T12:00:29","date_gmt":"2025-04-26T10:00:29","guid":{"rendered":"https:\/\/sans-soutien-psy.fr\/?page_id=115"},"modified":"2025-05-30T08:09:03","modified_gmt":"2025-05-30T06:09:03","slug":"soutiens","status":"publish","type":"page","link":"https:\/\/sans-soutien-psy.fr\/?page_id=115","title":{"rendered":"Soutiens"},"content":{"rendered":"\n<p>Auteurs, Influenceurs, Militants, Personnalit\u00e9s, Professionels de terrain, &#8230; <\/p>\n\n\n\n<p>Ils soutiennent notre p\u00e9tition en faveur de l&rsquo;inclusion des autistes dans les dispositifs de remboursement des soins psychologiques.<\/p>\n\n\n\n<div class=\"wp-block-columns is-layout-flex wp-container-core-columns-is-layout-28f84493 wp-block-columns-is-layout-flex\">\n<div class=\"wp-block-column is-layout-flow wp-block-column-is-layout-flow\">\n<figure class=\"wp-block-image size-full\"><img loading=\"lazy\" decoding=\"async\" width=\"512\" height=\"512\" src=\"https:\/\/sans-soutien-psy.fr\/wp-content\/uploads\/2025\/04\/AUBERTIN-Stephanie-1.png\" alt=\"\" class=\"wp-image-138\" srcset=\"https:\/\/sans-soutien-psy.fr\/wp-content\/uploads\/2025\/04\/AUBERTIN-Stephanie-1.png 512w, https:\/\/sans-soutien-psy.fr\/wp-content\/uploads\/2025\/04\/AUBERTIN-Stephanie-1-300x300.png 300w, https:\/\/sans-soutien-psy.fr\/wp-content\/uploads\/2025\/04\/AUBERTIN-Stephanie-1-150x150.png 150w\" sizes=\"auto, (max-width: 512px) 100vw, 512px\" \/><\/figure>\n\n\n\n<p class=\"has-text-align-center\"><strong>St\u00e9phanie AUBERTIN <\/strong>Neuropsychologue, conf\u00e9renci\u00e8re et formatrice, experte de l&rsquo;autisme et des troubles du neurod\u00e9veloppement dipl\u00f4m\u00e9e de l&rsquo;Universit\u00e9 Aix-Marseille. <br><\/p>\n<\/div>\n\n\n\n<div class=\"wp-block-column is-layout-flow wp-block-column-is-layout-flow\">\n<figure class=\"wp-block-gallery has-nested-images columns-default is-cropped wp-block-gallery-1 is-layout-flex wp-block-gallery-is-layout-flex\">\n<figure class=\"wp-block-image size-full\"><img loading=\"lazy\" decoding=\"async\" width=\"512\" height=\"512\" data-id=\"170\" src=\"https:\/\/sans-soutien-psy.fr\/wp-content\/uploads\/2025\/05\/BOUIS-Charles-1.png\" alt=\"\" class=\"wp-image-170\" srcset=\"https:\/\/sans-soutien-psy.fr\/wp-content\/uploads\/2025\/05\/BOUIS-Charles-1.png 512w, https:\/\/sans-soutien-psy.fr\/wp-content\/uploads\/2025\/05\/BOUIS-Charles-1-300x300.png 300w, https:\/\/sans-soutien-psy.fr\/wp-content\/uploads\/2025\/05\/BOUIS-Charles-1-150x150.png 150w\" sizes=\"auto, (max-width: 512px) 100vw, 512px\" \/><\/figure>\n<\/figure>\n\n\n\n<p class=\"has-text-align-center\"><strong>Charles BOUIS<br><\/strong>Neuropsychologue, formateur, et auteur de publications scientifiques sur les troubles du neurod\u00e9veloppement, dipl\u00f4m\u00e9 de l&rsquo;Universit\u00e9 Paris Descartes.<br><\/p>\n<\/div>\n\n\n\n<div class=\"wp-block-column is-layout-flow wp-block-column-is-layout-flow\">\n<figure class=\"wp-block-image size-full\"><img loading=\"lazy\" decoding=\"async\" width=\"444\" height=\"444\" src=\"https:\/\/sans-soutien-psy.fr\/wp-content\/uploads\/2025\/04\/ANSELME-Savannah.png\" alt=\"ANSELME Savannah\" class=\"wp-image-117\" srcset=\"https:\/\/sans-soutien-psy.fr\/wp-content\/uploads\/2025\/04\/ANSELME-Savannah.png 444w, https:\/\/sans-soutien-psy.fr\/wp-content\/uploads\/2025\/04\/ANSELME-Savannah-300x300.png 300w, https:\/\/sans-soutien-psy.fr\/wp-content\/uploads\/2025\/04\/ANSELME-Savannah-150x150.png 150w\" sizes=\"auto, (max-width: 444px) 100vw, 444px\" \/><\/figure>\n\n\n\n<p class=\"has-text-align-center\"><strong>Savannah ANSELME<br><\/strong>Autrice, Militante, Autiste.<br>Sa <a href=\"https:\/\/www.facebook.com\/autisteetcompagnie\">page Facebook Autiste et compagnie<\/a> est suivie par plus de 29 000 personnes.<\/p>\n<\/div>\n<\/div>\n\n\n\n<div class=\"wp-block-columns is-layout-flex wp-container-core-columns-is-layout-28f84493 wp-block-columns-is-layout-flex\">\n<div class=\"wp-block-column is-layout-flow wp-block-column-is-layout-flow\">\n<figure class=\"wp-block-image size-full\"><img loading=\"lazy\" decoding=\"async\" width=\"251\" height=\"248\" src=\"https:\/\/sans-soutien-psy.fr\/wp-content\/uploads\/2025\/05\/VanaMeow.png\" alt=\"\" class=\"wp-image-176\"\/><\/figure>\n\n\n\n<p class=\"has-text-align-center\"><strong>Vana Meow<\/strong><br>Influenceuse <a href=\"https:\/\/www.youtube.com\/@vanameow1980\" target=\"_blank\" rel=\"noreferrer noopener\">sur Youtube<\/a>  et instagram <\/p>\n<\/div>\n\n\n\n<div class=\"wp-block-column is-layout-flow wp-block-column-is-layout-flow\">\n<figure class=\"wp-block-image size-full\"><img loading=\"lazy\" decoding=\"async\" width=\"251\" height=\"248\" src=\"https:\/\/sans-soutien-psy.fr\/wp-content\/uploads\/2025\/05\/VARIN-Alais.png\" alt=\"\" class=\"wp-image-145\"\/><\/figure>\n\n\n\n<p class=\"has-text-align-center\"><strong>Alais VARIN<br><\/strong>Psychologue Cognitiviste, Psychoth\u00e9rapeute, dipl\u00f4m\u00e9e de l&rsquo;Universit\u00e9 de Bourgogne.<\/p>\n<\/div>\n\n\n\n<div class=\"wp-block-column is-layout-flow wp-block-column-is-layout-flow\">\n<figure class=\"wp-block-image size-full\"><img loading=\"lazy\" decoding=\"async\" width=\"800\" height=\"800\" src=\"https:\/\/sans-soutien-psy.fr\/wp-content\/uploads\/2025\/04\/BEULE-Thomas-1.jpg\" alt=\"\" class=\"wp-image-126\" srcset=\"https:\/\/sans-soutien-psy.fr\/wp-content\/uploads\/2025\/04\/BEULE-Thomas-1.jpg 800w, https:\/\/sans-soutien-psy.fr\/wp-content\/uploads\/2025\/04\/BEULE-Thomas-1-300x300.jpg 300w, https:\/\/sans-soutien-psy.fr\/wp-content\/uploads\/2025\/04\/BEULE-Thomas-1-150x150.jpg 150w, https:\/\/sans-soutien-psy.fr\/wp-content\/uploads\/2025\/04\/BEULE-Thomas-1-768x768.jpg 768w\" sizes=\"auto, (max-width: 800px) 100vw, 800px\" \/><\/figure>\n\n\n\n<p class=\"has-text-align-center\"><strong>Thomas BEUL\u00c9<br><\/strong>Psychologue du Travail, dipl\u00f4m\u00e9 de l&rsquo;Universit\u00e9 Paris Nanterre.<\/p>\n<\/div>\n<\/div>\n\n\n\n<p>Mais aussi&#8230;<\/p>\n\n\n\n<p><strong>Autisme, la boite \u00e0 outils<\/strong>, <a href=\"https:\/\/www.facebook.com\/Autismeboiteoutils\/\" target=\"_blank\" rel=\"noreferrer noopener\">Page Facebook<\/a> communautaire suivie par plus de 15 000 personnes.<\/p>\n","protected":false},"excerpt":{"rendered":"<p>Auteurs, Influenceurs, Militants, Personnalit\u00e9s, Professionels de terrain, &#8230; Ils soutiennent notre p\u00e9tition en faveur de l&rsquo;inclusion des autistes dans les dispositifs de remboursement des soins psychologiques. St\u00e9phanie AUBERTIN Neuropsychologue, conf\u00e9renci\u00e8re et formatrice, experte de l&rsquo;autisme et des troubles du neurod\u00e9veloppement dipl\u00f4m\u00e9e de l&rsquo;Universit\u00e9 Aix-Marseille. Charles BOUISNeuropsychologue, formateur, et auteur de publications scientifiques sur les troubles [&hellip;]<\/p>\n","protected":false},"author":1,"featured_media":0,"parent":0,"menu_order":0,"comment_status":"closed","ping_status":"closed","template":"","meta":{"footnotes":""},"class_list":["post-115","page","type-page","status-publish","hentry"],"yoast_head":"<!-- This site is optimized with the Yoast SEO plugin v25.0 - https:\/\/yoast.com\/wordpress\/plugins\/seo\/ -->\n<title>Sans Soutien Psy<\/title>\n<meta name=\"description\" content=\"P\u00e9tition contre la discrimination des personnes autistes et neuroatypiques, annot\u00e9e et sourc\u00e9e.\" \/>\n<meta name=\"robots\" content=\"index, follow, max-snippet:-1, max-image-preview:large, max-video-preview:-1\" \/>\n<link rel=\"canonical\" href=\"https:\/\/sans-soutien-psy.fr\/?page_id=115\" \/>\n<meta property=\"og:locale\" content=\"fr_FR\" \/>\n<meta property=\"og:type\" content=\"article\" \/>\n<meta property=\"og:title\" content=\"Sans Soutien Psy\" \/>\n<meta property=\"og:description\" content=\"P\u00e9tition contre la discrimination des personnes autistes et neuroatypiques, annot\u00e9e et sourc\u00e9e.\" \/>\n<meta property=\"og:url\" content=\"https:\/\/sans-soutien-psy.fr\/?page_id=115\" \/>\n<meta property=\"article:publisher\" content=\"https:\/\/www.facebook.com\/profile.php?id=61575083172381\" \/>\n<meta property=\"article:modified_time\" content=\"2025-05-30T06:09:03+00:00\" \/>\n<meta property=\"og:image\" content=\"https:\/\/sans-soutien-psy.fr\/wp-content\/uploads\/2025\/04\/AUBERTIN-Stephanie-1.png\" \/>\n\t<meta property=\"og:image:width\" content=\"512\" \/>\n\t<meta property=\"og:image:height\" content=\"512\" \/>\n\t<meta property=\"og:image:type\" content=\"image\/png\" \/>\n<meta name=\"twitter:card\" content=\"summary_large_image\" \/>\n<meta name=\"twitter:site\" content=\"@SansSoutienPsy\" \/>\n<meta name=\"twitter:label1\" content=\"Dur\u00e9e de lecture estim\u00e9e\" \/>\n\t<meta name=\"twitter:data1\" content=\"2 minutes\" \/>\n<script type=\"application\/ld+json\" class=\"yoast-schema-graph\">{\"@context\":\"https:\/\/schema.org\",\"@graph\":[{\"@type\":\"WebPage\",\"@id\":\"https:\/\/sans-soutien-psy.fr\/?page_id=115\",\"url\":\"https:\/\/sans-soutien-psy.fr\/?page_id=115\",\"name\":\"Sans Soutien Psy\",\"isPartOf\":{\"@id\":\"https:\/\/sans-soutien-psy.fr\/#website\"},\"primaryImageOfPage\":{\"@id\":\"https:\/\/sans-soutien-psy.fr\/?page_id=115#primaryimage\"},\"image\":{\"@id\":\"https:\/\/sans-soutien-psy.fr\/?page_id=115#primaryimage\"},\"thumbnailUrl\":\"https:\/\/sans-soutien-psy.fr\/wp-content\/uploads\/2025\/04\/AUBERTIN-Stephanie-1.png\",\"datePublished\":\"2025-04-26T10:00:29+00:00\",\"dateModified\":\"2025-05-30T06:09:03+00:00\",\"description\":\"P\u00e9tition contre la discrimination des personnes autistes et neuroatypiques, annot\u00e9e et sourc\u00e9e.\",\"breadcrumb\":{\"@id\":\"https:\/\/sans-soutien-psy.fr\/?page_id=115#breadcrumb\"},\"inLanguage\":\"fr-FR\",\"potentialAction\":[{\"@type\":\"ReadAction\",\"target\":[\"https:\/\/sans-soutien-psy.fr\/?page_id=115\"]}]},{\"@type\":\"ImageObject\",\"inLanguage\":\"fr-FR\",\"@id\":\"https:\/\/sans-soutien-psy.fr\/?page_id=115#primaryimage\",\"url\":\"https:\/\/sans-soutien-psy.fr\/wp-content\/uploads\/2025\/04\/AUBERTIN-Stephanie-1.png\",\"contentUrl\":\"https:\/\/sans-soutien-psy.fr\/wp-content\/uploads\/2025\/04\/AUBERTIN-Stephanie-1.png\",\"width\":512,\"height\":512},{\"@type\":\"BreadcrumbList\",\"@id\":\"https:\/\/sans-soutien-psy.fr\/?page_id=115#breadcrumb\",\"itemListElement\":[{\"@type\":\"ListItem\",\"position\":1,\"name\":\"Accueil\",\"item\":\"https:\/\/sans-soutien-psy.fr\/\"},{\"@type\":\"ListItem\",\"position\":2,\"name\":\"Soutiens\"}]},{\"@type\":\"WebSite\",\"@id\":\"https:\/\/sans-soutien-psy.fr\/#website\",\"url\":\"https:\/\/sans-soutien-psy.fr\/\",\"name\":\"Sans Soutien Psy\",\"description\":\"\",\"publisher\":{\"@id\":\"https:\/\/sans-soutien-psy.fr\/#organization\"},\"alternateName\":\"San Soutien Psy\",\"potentialAction\":[{\"@type\":\"SearchAction\",\"target\":{\"@type\":\"EntryPoint\",\"urlTemplate\":\"https:\/\/sans-soutien-psy.fr\/?s={search_term_string}\"},\"query-input\":{\"@type\":\"PropertyValueSpecification\",\"valueRequired\":true,\"valueName\":\"search_term_string\"}}],\"inLanguage\":\"fr-FR\"},{\"@type\":\"Organization\",\"@id\":\"https:\/\/sans-soutien-psy.fr\/#organization\",\"name\":\"Sans Soutien Psy\",\"url\":\"https:\/\/sans-soutien-psy.fr\/\",\"logo\":{\"@type\":\"ImageObject\",\"inLanguage\":\"fr-FR\",\"@id\":\"https:\/\/sans-soutien-psy.fr\/#\/schema\/logo\/image\/\",\"url\":\"https:\/\/sans-soutien-psy.fr\/wp-content\/uploads\/2025\/04\/cropped-cropped-LogoSSP-scaled-2.png\",\"contentUrl\":\"https:\/\/sans-soutien-psy.fr\/wp-content\/uploads\/2025\/04\/cropped-cropped-LogoSSP-scaled-2.png\",\"width\":1950,\"height\":793,\"caption\":\"Sans Soutien Psy\"},\"image\":{\"@id\":\"https:\/\/sans-soutien-psy.fr\/#\/schema\/logo\/image\/\"},\"sameAs\":[\"https:\/\/www.facebook.com\/profile.php?id=61575083172381\",\"https:\/\/x.com\/SansSoutienPsy\"]}]}<\/script>\n<!-- \/ Yoast SEO plugin. -->","yoast_head_json":{"title":"Sans Soutien Psy","description":"P\u00e9tition contre la discrimination des personnes autistes et neuroatypiques, annot\u00e9e et sourc\u00e9e.","robots":{"index":"index","follow":"follow","max-snippet":"max-snippet:-1","max-image-preview":"max-image-preview:large","max-video-preview":"max-video-preview:-1"},"canonical":"https:\/\/sans-soutien-psy.fr\/?page_id=115","og_locale":"fr_FR","og_type":"article","og_title":"Sans Soutien Psy","og_description":"P\u00e9tition contre la discrimination des personnes autistes et neuroatypiques, annot\u00e9e et sourc\u00e9e.","og_url":"https:\/\/sans-soutien-psy.fr\/?page_id=115","article_publisher":"https:\/\/www.facebook.com\/profile.php?id=61575083172381","article_modified_time":"2025-05-30T06:09:03+00:00","og_image":[{"width":512,"height":512,"url":"https:\/\/sans-soutien-psy.fr\/wp-content\/uploads\/2025\/04\/AUBERTIN-Stephanie-1.png","type":"image\/png"}],"twitter_card":"summary_large_image","twitter_site":"@SansSoutienPsy","twitter_misc":{"Dur\u00e9e de lecture estim\u00e9e":"2 minutes"},"schema":{"@context":"https:\/\/schema.org","@graph":[{"@type":"WebPage","@id":"https:\/\/sans-soutien-psy.fr\/?page_id=115","url":"https:\/\/sans-soutien-psy.fr\/?page_id=115","name":"Sans Soutien Psy","isPartOf":{"@id":"https:\/\/sans-soutien-psy.fr\/#website"},"primaryImageOfPage":{"@id":"https:\/\/sans-soutien-psy.fr\/?page_id=115#primaryimage"},"image":{"@id":"https:\/\/sans-soutien-psy.fr\/?page_id=115#primaryimage"},"thumbnailUrl":"https:\/\/sans-soutien-psy.fr\/wp-content\/uploads\/2025\/04\/AUBERTIN-Stephanie-1.png","datePublished":"2025-04-26T10:00:29+00:00","dateModified":"2025-05-30T06:09:03+00:00","description":"P\u00e9tition contre la discrimination des personnes autistes et neuroatypiques, annot\u00e9e et sourc\u00e9e.","breadcrumb":{"@id":"https:\/\/sans-soutien-psy.fr\/?page_id=115#breadcrumb"},"inLanguage":"fr-FR","potentialAction":[{"@type":"ReadAction","target":["https:\/\/sans-soutien-psy.fr\/?page_id=115"]}]},{"@type":"ImageObject","inLanguage":"fr-FR","@id":"https:\/\/sans-soutien-psy.fr\/?page_id=115#primaryimage","url":"https:\/\/sans-soutien-psy.fr\/wp-content\/uploads\/2025\/04\/AUBERTIN-Stephanie-1.png","contentUrl":"https:\/\/sans-soutien-psy.fr\/wp-content\/uploads\/2025\/04\/AUBERTIN-Stephanie-1.png","width":512,"height":512},{"@type":"BreadcrumbList","@id":"https:\/\/sans-soutien-psy.fr\/?page_id=115#breadcrumb","itemListElement":[{"@type":"ListItem","position":1,"name":"Accueil","item":"https:\/\/sans-soutien-psy.fr\/"},{"@type":"ListItem","position":2,"name":"Soutiens"}]},{"@type":"WebSite","@id":"https:\/\/sans-soutien-psy.fr\/#website","url":"https:\/\/sans-soutien-psy.fr\/","name":"Sans Soutien Psy","description":"","publisher":{"@id":"https:\/\/sans-soutien-psy.fr\/#organization"},"alternateName":"San Soutien Psy","potentialAction":[{"@type":"SearchAction","target":{"@type":"EntryPoint","urlTemplate":"https:\/\/sans-soutien-psy.fr\/?s={search_term_string}"},"query-input":{"@type":"PropertyValueSpecification","valueRequired":true,"valueName":"search_term_string"}}],"inLanguage":"fr-FR"},{"@type":"Organization","@id":"https:\/\/sans-soutien-psy.fr\/#organization","name":"Sans Soutien Psy","url":"https:\/\/sans-soutien-psy.fr\/","logo":{"@type":"ImageObject","inLanguage":"fr-FR","@id":"https:\/\/sans-soutien-psy.fr\/#\/schema\/logo\/image\/","url":"https:\/\/sans-soutien-psy.fr\/wp-content\/uploads\/2025\/04\/cropped-cropped-LogoSSP-scaled-2.png","contentUrl":"https:\/\/sans-soutien-psy.fr\/wp-content\/uploads\/2025\/04\/cropped-cropped-LogoSSP-scaled-2.png","width":1950,"height":793,"caption":"Sans Soutien Psy"},"image":{"@id":"https:\/\/sans-soutien-psy.fr\/#\/schema\/logo\/image\/"},"sameAs":["https:\/\/www.facebook.com\/profile.php?id=61575083172381","https:\/\/x.com\/SansSoutienPsy"]}]}},"_links":{"self":[{"href":"https:\/\/sans-soutien-psy.fr\/index.php?rest_route=\/wp\/v2\/pages\/115","targetHints":{"allow":["GET"]}}],"collection":[{"href":"https:\/\/sans-soutien-psy.fr\/index.php?rest_route=\/wp\/v2\/pages"}],"about":[{"href":"https:\/\/sans-soutien-psy.fr\/index.php?rest_route=\/wp\/v2\/types\/page"}],"author":[{"embeddable":true,"href":"https:\/\/sans-soutien-psy.fr\/index.php?rest_route=\/wp\/v2\/users\/1"}],"replies":[{"embeddable":true,"href":"https:\/\/sans-soutien-psy.fr\/index.php?rest_route=%2Fwp%2Fv2%2Fcomments&post=115"}],"version-history":[{"count":12,"href":"https:\/\/sans-soutien-psy.fr\/index.php?rest_route=\/wp\/v2\/pages\/115\/revisions"}],"predecessor-version":[{"id":177,"href":"https:\/\/sans-soutien-psy.fr\/index.php?rest_route=\/wp\/v2\/pages\/115\/revisions\/177"}],"wp:attachment":[{"href":"https:\/\/sans-soutien-psy.fr\/index.php?rest_route=%2Fwp%2Fv2%2Fmedia&parent=115"}],"curies":[{"name":"wp","href":"https:\/\/api.w.org\/{rel}","templated":true}]}}